{"id":4245,"date":"2021-12-21T14:20:01","date_gmt":"2021-12-21T13:20:01","guid":{"rendered":"https:\/\/www.hannesjacob.ch\/produit\/spiritualitaet-wissenschaft\/"},"modified":"2021-12-21T14:20:01","modified_gmt":"2021-12-21T13:20:01","slug":"spiritualitat-wissenschaft","status":"publish","type":"product","link":"https:\/\/www.hannesjacob.ch\/de\/produit\/spiritualitat-wissenschaft\/","title":{"rendered":"Spiritualit\u00e4t &amp; Wissenschaft"},"content":{"rendered":"<p>Aus der scharfen und methodischen Feder des Therapeuten und Heilers Hannes Jacob kommt dieses Arbeitsbuch, das Dekodierungsschl\u00fcssel und geeignete Werkzeuge f\u00fcr einen konkreten Dialog mit spirituellen F\u00fchrern und Verstorbenen bietet. Jacob besteht auf einer gesunden Praxis f\u00fcr K\u00f6rper und Geist und richtet sich an jeden, der versucht, anderen durch Heilung zu dienen; indem er vom Tod spricht, bringt er uns dem Leben n\u00e4her! Das Buch verdeutlicht tats\u00e4chlich das R\u00e4tsel der Empfindsamkeit, jenes R\u00e4tsel, das die Poesie mit ihrer Magie durchdringt.<\/p>\n","protected":false},"excerpt":{"rendered":"<p>Aus der scharfen und methodischen Feder des Therapeuten und Heilers Hannes Jacob kommt dieses Arbeitsbuch, das Dekodierungsschl\u00fcssel und geeignete Werkzeuge f\u00fcr einen konkreten Dialog mit spirituellen F\u00fchrern und Verstorbenen bietet. Jacob besteht auf einer gesunden Praxis f\u00fcr K\u00f6rper und Geist und richtet sich an jeden, der versucht, anderen durch Heilung zu dienen; indem er vom [&hellip;]<\/p>\n","protected":false},"featured_media":4099,"template":"","meta":{"iawp_total_views":1978},"product_brand":[],"product_cat":[88],"product_tag":[],"class_list":{"0":"post-4245","1":"product","2":"type-product","3":"status-publish","4":"has-post-thumbnail","6":"product_cat-buch","7":"product_shipping_class-livre-lourd-de","9":"first","10":"instock","11":"purchasable","12":"product-type-simple"},"_links":{"self":[{"href":"https:\/\/www.hannesjacob.ch\/de\/wp-json\/wp\/v2\/product\/4245","targetHints":{"allow":["GET"]}}],"collection":[{"href":"https:\/\/www.hannesjacob.ch\/de\/wp-json\/wp\/v2\/product"}],"about":[{"href":"https:\/\/www.hannesjacob.ch\/de\/wp-json\/wp\/v2\/types\/product"}],"wp:featuredmedia":[{"embeddable":true,"href":"https:\/\/www.hannesjacob.ch\/de\/wp-json\/wp\/v2\/media\/4099"}],"wp:attachment":[{"href":"https:\/\/www.hannesjacob.ch\/de\/wp-json\/wp\/v2\/media?parent=4245"}],"wp:term":[{"taxonomy":"product_brand","embeddable":true,"href":"https:\/\/www.hannesjacob.ch\/de\/wp-json\/wp\/v2\/product_brand?post=4245"},{"taxonomy":"product_cat","embeddable":true,"href":"https:\/\/www.hannesjacob.ch\/de\/wp-json\/wp\/v2\/product_cat?post=4245"},{"taxonomy":"product_tag","embeddable":true,"href":"https:\/\/www.hannesjacob.ch\/de\/wp-json\/wp\/v2\/product_tag?post=4245"}],"curies":[{"name":"wp","href":"https:\/\/api.w.org\/{rel}","templated":true}]}}