{"id":8819,"date":"2020-08-27T17:30:16","date_gmt":"2020-08-27T15:30:16","guid":{"rendered":"https:\/\/www.hannesjacob.ch\/datenschutzrichtlinie\/"},"modified":"2024-05-14T10:21:32","modified_gmt":"2024-05-14T08:21:32","slug":"datenschutzrichtlinie","status":"publish","type":"page","link":"https:\/\/www.hannesjacob.ch\/de\/datenschutzrichtlinie\/","title":{"rendered":"Datenschutzrichtlinie"},"content":{"rendered":"\t\t<div data-elementor-type=\"wp-page\" data-elementor-id=\"8819\" class=\"elementor elementor-8819 elementor-3\" data-elementor-post-type=\"page\">\n\t\t\t\t\t\t<section class=\"elementor-section elementor-top-section elementor-element elementor-element-9a19d6b elementor-section-full_width elementor-section-height-min-height elementor-section-height-default elementor-section-items-middle\" data-id=\"9a19d6b\" data-element_type=\"section\" data-e-type=\"section\" data-settings=\"{&quot;background_background&quot;:&quot;classic&quot;}\">\n\t\t\t\t\t\t<div class=\"elementor-container elementor-column-gap-default\">\n\t\t\t\t\t<div class=\"elementor-column elementor-col-100 elementor-top-column elementor-element elementor-element-0112963\" data-id=\"0112963\" data-element_type=\"column\" data-e-type=\"column\">\n\t\t\t<div class=\"elementor-widget-wrap elementor-element-populated\">\n\t\t\t\t\t\t<div class=\"elementor-element elementor-element-b458a32 elementor-widget elementor-widget-heading\" data-id=\"b458a32\" data-element_type=\"widget\" data-e-type=\"widget\" data-widget_type=\"heading.default\">\n\t\t\t\t\t<h2 class=\"elementor-heading-title elementor-size-default\"><main id=\"content\" class=\"site-main post-3 page type-page status-publish hentry\"><header class=\"page-header\"><h1 class=\"entry-title\"><h1 class=\"entry-title\">Datenschutzrichtlinie<\/h1><\/h1><\/header><\/main><\/h2>\t\t\t\t<\/div>\n\t\t\t\t\t<\/div>\n\t\t<\/div>\n\t\t\t\t\t<\/div>\n\t\t<\/section>\n\t\t\t\t<section class=\"elementor-section elementor-top-section elementor-element elementor-element-1c3e09af elementor-section-boxed elementor-section-height-default elementor-section-height-default\" data-id=\"1c3e09af\" data-element_type=\"section\" data-e-type=\"section\">\n\t\t\t\t\t\t<div class=\"elementor-container elementor-column-gap-default\">\n\t\t\t\t\t<div class=\"elementor-column elementor-col-100 elementor-top-column elementor-element elementor-element-6ac93785\" data-id=\"6ac93785\" data-element_type=\"column\" data-e-type=\"column\">\n\t\t\t<div class=\"elementor-widget-wrap elementor-element-populated\">\n\t\t\t\t\t\t<div class=\"elementor-element elementor-element-6420d5af elementor-widget elementor-widget-text-editor\" data-id=\"6420d5af\" data-element_type=\"widget\" data-e-type=\"widget\" data-widget_type=\"text-editor.default\">\n\t\t\t\t\t\t\t\t\t<p>Diese Datenschutzerkl\u00e4rung kl\u00e4rt Sie \u00fcber die Art, den Umfang und Zweck der Verarbeitung von personenbezogenen Daten (nachfolgend kurz &#8222;Daten&#8220;) innerhalb unseres Onlineangebotes und der mit ihm verbundenen Webseiten, Funktionen und Inhalte sowie externen Onlinepr\u00e4senzen, wie z.B. unsere Social Media Profile auf. (im Folgenden gemeinsam als &#8222;Online-Angebot&#8220; bezeichnet). Bez\u00fcglich der verwendeten Begriffe wie &#8222;Verarbeitung&#8220; oder &#8222;Verantwortlicher&#8220; verweisen wir auf die Definitionen in Artikel 4 der Datenschutz-Grundverordnung (DSGVO).<\/p><h2 class=\"wp-block-heading\">Verantwortlich<\/h2><p><strong>Hannes Jacob<\/strong><br \/>Route de Champr\u00e9veyres 14a<br \/>2068 Hauterive<br \/>Suisse<\/p><p>E-Mail: <a href=\"mailto:info@miraclescome.com\">info@miraclescome.com<\/a><\/p><h2 class=\"wp-block-heading\">Arten von verarbeiteten Daten<\/h2><ul><li>Inventardaten (z. B. Namen, Adressen).<\/li><li>Kontaktdaten (z. B. E-Mail, Telefonnummern).<\/li><li>Inhaltsdaten (z. B. eingegebene Texte, Fotografien, Videos).<\/li><li>Nutzungsdaten (z. B. besuchte Webseiten, Interesse an den Inhalten, Zugriffszeit).<\/li><li>Metadaten\/Kommunikationsdaten (z. B. Ger\u00e4teinformationen, IP-Adressen).<\/li><\/ul><h2 class=\"wp-block-heading\">Kategorien von betroffenen Personen<\/h2><p>Besucher und Nutzer des Online-Angebots (im Folgenden bezeichnen wir die betreffenden Personen auch als Oberbegriff &#8222;Nutzer&#8220;).<\/p><h2 class=\"wp-block-heading\">Zweck der Verarbeitung<\/h2><ul><li>Bereitstellung des Online-Angebots, seiner Funktionen und Inhalte.<\/li><li>Beantwortung von Kontaktanfragen und Kommunikation mit den Nutzern.<\/li><li>Sicherheitsma\u00dfnahmen.<\/li><li>Messung der Reichweite\/Marketing<\/li><\/ul><h2 class=\"wp-block-heading\">Verwendete Begriffe<\/h2><p>&#8222;personenbezogene Daten&#8220; alle Informationen, die sich auf eine identifizierte oder identifizierbare nat\u00fcrliche Person (nachstehend &#8222;betroffene Person&#8220; genannt) beziehen; als identifizierbar wird eine nat\u00fcrliche Person angesehen, die direkt oder indirekt, insbesondere mittels Zuordnung zu einer Kennung wie einem Namen, zu einer Kennnummer, zu Standortdaten, zu einer Online-Kennung (z. B. Cookie) oder zu einem oder mehreren besonderen Merkmalen identifiziert werden kann, die Ausdruck der physischen, physiologischen, genetischen, psychischen, wirtschaftlichen, kulturellen oder sozialen Identit\u00e4t dieser nat\u00fcrlichen Person sind.<\/p><p>&#8222;Verarbeitung&#8220;: jeder mit oder ohne Hilfe automatisierter Verfahren ausgef\u00fchrte Vorgang oder jede Vorgangsreihe, der\/die auf personenbezogene Daten angewandt wird. Der Begriff ist weit gefasst und umfasst praktisch jede Art von Datenmanipulation.<\/p><p>Der Begriff &#8222;Verantwortlicher&#8220; bezeichnet die nat\u00fcrliche oder juristische Person, Beh\u00f6rde, Dienststelle oder andere Stelle, die allein oder gemeinsam mit anderen \u00fcber die Zwecke und Mittel der Verarbeitung personenbezogener Daten entscheidet.<\/p><h2 class=\"wp-block-heading\">Ma\u00dfgebliche Rechtsgrundlagen<\/h2><p>Gem\u00e4\u00df Artikel 13 der DSGVO teilen wir Ihnen die Rechtsgrundlagen unserer Datenverarbeitung mit. Wenn die Rechtsgrundlage nicht in der Datenschutzerkl\u00e4rung genannt wird, gelten die folgenden Bestimmungen: Die Rechtsgrundlage f\u00fcr die Einholung der Einwilligung ist Art. 6, Absatz 1, Nummer a) uns der Art. 7 DSGVO ist die Rechtsgrundlage f\u00fcr die Verarbeitung zur Erf\u00fcllung unserer Leistungen und zur Durchf\u00fchrung von vertraglichen Ma\u00dfnahmen sowie zur Beantwortung von Anfragen Art. 6, Absatz 1, Nummer b) der DSGVO ist die Rechtsgrundlage f\u00fcr die Verarbeitung zur Erf\u00fcllung unserer rechtlichen Verpflichtungen Art. 6, Absatz 1, Nummer c) der DSGVO und die Rechtsgrundlage f\u00fcr die Verarbeitung zur Wahrung unserer berechtigten Interessen ist Art. 6, Absatz 1, Punkt f) der DSGVO. F\u00fcr den Fall, dass lebenswichtige Interessen der betroffenen Person oder einer anderen nat\u00fcrlichen Person die Verarbeitung personenbezogener Daten erforderlich machen, dient Artikel 6 Absatz 1 Buchstabe d DSGVO als Rechtsgrundlage.<\/p><h2 class=\"wp-block-heading\">Zusammenarbeit mit Subunternehmern und Dritten<\/h2><p>Sofern wir im Rahmen unserer Verarbeitung Daten gegen\u00fcber anderen Personen und Unternehmen (Auftragsverarbeitern oder Dritten) offenbaren, sie an diese \u00fcbermitteln oder ihnen anderweitig Zugriff auf die Daten gew\u00e4hren, erfolgt dies nur auf Grundlage einer gesetzlichen Erlaubnis (bspw. wenn eine Weitergabe der Daten an Dritte, etwa an Zahlungsdienstleister, zur Vertragserf\u00fcllung gem\u00e4\u00df Art. 6 Abs. 1 lit. b DSGVO erforderlich ist), Sie eingewilligt haben, eine rechtliche Verpflichtung dies vorsieht oder auf Grundlage unserer berechtigten Interessen (z. B. bei der Beauftragung von Beauftragten, Webhostern usw.).<\/p><p>Wenn wir Dritte auf der Grundlage eines sogenannten &#8222;Auftragsverarbeitungsvertrags&#8220; mit der Verarbeitung von Daten beauftragen, geschieht dies auf der Grundlage von Art. 28 DSGVO.<\/p><h2 class=\"wp-block-heading\">Transfers in Drittl\u00e4nder<\/h2><p>Wenn wir Daten in einem Drittland (d. h. au\u00dferhalb der Europ\u00e4ischen Union (EU) oder des Europ\u00e4ischen Wirtschaftsraums (EWR)) verarbeiten oder wenn wir dies im Zusammenhang mit der Nutzung von Diensten Dritter oder der Offenlegung oder \u00dcbermittlung von Daten an Dritte tun, tun wir dies nur, wenn es zur Erf\u00fcllung unserer (vor-)vertraglichen Verpflichtungen, auf der Grundlage Ihrer Einwilligung, aufgrund einer rechtlichen Verpflichtung oder auf der Grundlage unserer berechtigten Interessen erforderlich ist. Vorbehaltlich gesetzlicher oder vertraglicher Erlaubnisse verarbeiten wir Daten in einem Drittland nur dann oder lassen sie dort verarbeiten, wenn die besonderen Voraussetzungen der Artikel 44 ff. der DSGVO erf\u00fcllt sind. DSGVO. D. h. die Verarbeitung erfolgt z. B. auf der Grundlage besonderer Garantien, wie der offiziell anerkannten Feststellung eines dem EU-Datenschutzniveau gleichwertigen Datenschutzniveaus (z. B. f\u00fcr die USA durch das &#8222;Privacy Shield&#8220;) oder der Einhaltung spezieller, offiziell anerkannter vertraglicher Verpflichtungen (sog. &#8222;Standardvertragsklauseln&#8220;).<\/p><h2 class=\"wp-block-heading\">Rechte der Betroffenen<\/h2><p>Sie haben das Recht, eine Best\u00e4tigung dar\u00fcber zu erhalten, ob Daten \u00fcber Sie verarbeitet werden oder nicht, und auf diese Daten zuzugreifen sowie weitere Informationen und eine Kopie der Daten gem\u00e4\u00df Artikel 15 DSGVO zu erhalten.<\/p><p>Sie haben das Recht. Gem\u00e4\u00df Art. 16 DSGVO haben Sie das Recht zu verlangen, dass die Sie betreffenden Daten vervollst\u00e4ndigt oder die Sie betreffenden unrichtigen Daten berichtigt werden.<\/p><p>Gem\u00e4\u00df Art. 17 DSGVO haben Sie das Recht zu verlangen, dass die betreffenden Daten unverz\u00fcglich gel\u00f6scht werden, oder, falls dies nicht m\u00f6glich ist, gem\u00e4\u00df Art. 18 DSGVO eine Einschr\u00e4nkung der Verarbeitung der Daten zu verlangen.<\/p><p>Sie haben das Recht zu verlangen, dass die Sie betreffenden Daten, die Sie uns bereitgestellt haben, gem\u00e4\u00df Art. 20 DSGVO gespeichert werden, und zu verlangen, dass sie an andere Verantwortliche \u00fcbermittelt werden.<\/p><p>Sie haben auch das Recht, gem\u00e4\u00df Artikel 77 DSGVO eine Beschwerde bei der zust\u00e4ndigen Aufsichtsbeh\u00f6rde einzureichen.<\/p><h2 class=\"wp-block-heading\">Recht auf Widerruf<\/h2><p>Sie haben das Recht, erteilte Einwilligungen gem\u00e4\u00df Art. 7 Abs. 3 DSGVO mit Wirkung f\u00fcr die Zukunft zu widerrufen.<\/p><h2 class=\"wp-block-heading\">Recht auf Widerspruch<\/h2><p>Sie k\u00f6nnen der k\u00fcnftigen Verarbeitung Ihrer Daten gem\u00e4\u00df Artikel 21 DSGVO jederzeit widersprechen. Dieser Widerspruch kann sich insbesondere auf die Verarbeitung zum Zweck der Direktwerbung beziehen.<\/p><h2 class=\"wp-block-heading\">Cookies und das Recht auf Widerspruch gegen Direktwerbung<\/h2><p>Cookies&#8220; sind kleine Dateien, die auf den Computern der Nutzer gespeichert werden. In Cookies k\u00f6nnen verschiedene Informationen gespeichert werden. Ein Cookie dient in erster Linie dazu, die Daten eines Nutzers (bzw. des Ger\u00e4ts, auf dem das Cookie gespeichert ist) w\u00e4hrend oder nach seinem Besuch innerhalb eines Online-Angebots zu speichern. Tempor\u00e4re Cookies, auch &#8222;Sitzungscookies&#8220; oder &#8222;transiente Cookies&#8220; genannt, sind Cookies, die gel\u00f6scht werden, wenn ein Nutzer ein Online-Angebot verl\u00e4sst und seinen Browser schlie\u00dft. Ein solches Cookie kann z. B. den Inhalt eines Einkaufswagens in einem Online-Shop oder einen Login-Datensatz enthalten. Cookies werden als &#8222;dauerhaft&#8220; oder &#8222;persistent&#8220; bezeichnet, wenn sie auch nach dem Schlie\u00dfen des Browsers gespeichert bleiben. Beispielsweise kann der Anmeldestatus gespeichert werden, wenn die Nutzer sie nach mehreren Tagen aufrufen. Ebenso k\u00f6nnen die Interessen der Nutzer in einem solchen Cookie gespeichert und zu Zwecken der Reichweitenmessung oder des Marketings verwendet werden. Als &#8222;Third-Party-Cookie&#8220; werden Cookies von anderen Anbietern als dem Verantwortlichen, der das Online-Angebot betreibt, angeboten (andernfalls, wenn es sich nur um dessen Cookies handelt, spricht man von &#8222;First-Party-Cookies&#8220;).<\/p><p>Wir k\u00f6nnen tempor\u00e4re und permanente Cookies verwenden und stellen Informationen dar\u00fcber im Rahmen unserer Datenschutzerkl\u00e4rung zur Verf\u00fcgung.<\/p><p>Wenn die Nutzer nicht m\u00f6chten, dass Cookies auf ihrem Computer gespeichert werden, werden sie gebeten, die entsprechende Option in den Systemeinstellungen ihres Browsers zu deaktivieren. Gespeicherte Cookies k\u00f6nnen in den Systemeinstellungen des Browsers gel\u00f6scht werden. Der Ausschluss von Cookies kann zu Funktionseinschr\u00e4nkungen dieses Online-Angebots f\u00fchren.<\/p><p>Ein genereller Widerspruch gegen die Verwendung von Cookies, die zu Zwecken des Online-Marketings eingesetzt werden, kann f\u00fcr eine Vielzahl von Diensten, insbesondere im Fall von Tracking, \u00fcber die US-amerikanische Seite http:\/\/www.aboutads.info\/choices\/oder die EU-Seite http:\/\/www.youronlinechoices.com\/ erkl\u00e4rt werden. Dar\u00fcber hinaus kann das Speichern von Cookies verhindert werden, indem man sie in den Browsereinstellungen deaktiviert. Bitte beachten Sie, dass Sie in diesem Fall m\u00f6glicherweise nicht alle Funktionen dieses Online-Angebots nutzen k\u00f6nnen.<\/p><h2 class=\"wp-block-heading\">Newsletter<\/h2><p>Mit den folgenden Hinweisen erl\u00e4utern wir Ihnen den Inhalt unseres Newsletters sowie das Anmelde-, Versand- und statistische Auswertungsverfahren sowie Ihre Widerspruchsrechte. Wenn Sie sich f\u00fcr unseren Newsletter anmelden, erkl\u00e4ren Sie sich damit einverstanden, ihn zu erhalten und die beschriebenen Verfahren zu befolgen.<\/p><p>Inhalt des Newsletters: Wir versenden Newsletter, E-Mails und andere elektronische Benachrichtigungen, die Werbeinformationen enthalten (im Folgenden &#8222;Newsletter&#8220;), nur mit der Einwilligung der Empf\u00e4nger oder einer gesetzlichen Erlaubnis. Sofern im Rahmen einer Newsletter-Anmeldung deren Inhalt konkret beschrieben wird, ist dies f\u00fcr die Einwilligung der Nutzer ausschlaggebend. Dar\u00fcber hinaus enthalten unsere Newsletter folgende Informationen: unsere Produkte, unsere Angebote, unsere Aktionen und unser Unternehmen.<\/p><p>Double-Opt-In und Protokollierung: Die Anmeldung zu unserem Newsletter erfolgt im Rahmen eines sogenannten Double-Opt-In-Verfahrens. Das hei\u00dft, dass Sie nach der Anmeldung eine E-Mail erhalten, in der Sie aufgefordert werden, Ihre Anmeldung zu best\u00e4tigen. Diese Best\u00e4tigung ist notwendig, damit sich niemand mit ausl\u00e4ndischen E-Mail-Adressen anmelden kann. Die Anmeldungen zum Newsletter werden gespeichert, um den Anmeldeprozess gem\u00e4\u00df den gesetzlichen Anforderungen nachweisen zu k\u00f6nnen. Dazu geh\u00f6rt die Aufzeichnung des Anmelde- und Best\u00e4tigungszeitpunkts sowie der IP-Adresse. Ebenso werden \u00c4nderungen Ihrer beim Versanddienstleister gespeicherten Daten protokolliert.<\/p><p>Versanddienstleister: Der Versand der Newsletter erfolgt durch &#8222;&#8220; (nachfolgend bezeichnet als &#8222;Versanddienstleister&#8220;). Die Datenschutzbestimmungen des Versanddienstleisters k\u00f6nnen Sie hier einsehen :<\/p><p>Die E-Mail-Adressen unserer Newsletter-Empf\u00e4nger sowie ihre weiteren, im Rahmen dieser Hinweise beschriebenen Daten werden auf den Servern des Versanddienstleisters gespeichert. Der Versanddienstleister nutzt diese Informationen f\u00fcr den Versand und die Auswertung des Newsletters in unserem Auftrag. Dar\u00fcber hinaus kann der Versanddienstleister diese Daten nach eigenen Angaben zur Optimierung oder Verbesserung seiner eigenen Dienste nutzen, z. B. zur technischen Optimierung des Versands und der Darstellung des Newsletters oder f\u00fcr wirtschaftliche Zwecke, um festzustellen, aus welchen L\u00e4ndern die Empf\u00e4nger stammen. Der Versanddienstleister nutzt die Daten unserer Newsletterempf\u00e4nger jedoch nicht, um sie selbst zu kontaktieren oder an Dritte weiterzugeben.<\/p><p>Anmeldedaten: Um sich f\u00fcr den Newsletter anzumelden, m\u00fcssen Sie nur Ihre E-Mail-Adresse angeben.<\/p><p>Statistische Erfassung und Analyse &#8211; Die Newsletter enthalten einen &#8222;web-beacon&#8220;, d.h. eine pixelgro\u00dfe Datei, die beim \u00d6ffnen des Newsletters vom Server des Versanddienstleisters abgerufen wird. Im Rahmen dieses Anrufs werden zun\u00e4chst technische Informationen wie Informationen \u00fcber den Browser und Ihr System sowie Ihre IP-Adresse und die Uhrzeit des Anrufs gesammelt. Diese Informationen werden f\u00fcr die technische Verbesserung der Dienste anhand der technischen Daten oder der Zielgruppen und ihres Leseverhaltens anhand ihrer Abruforte (die mithilfe der IP-Adresse ermittelt werden k\u00f6nnen) oder der Zugriffszeiten verwendet. Zu den statistischen Erhebungen geh\u00f6rt auch die Feststellung, ob und wann die Newsletter ge\u00f6ffnet werden und welche Links angeklickt werden. Aus technischen Gr\u00fcnden k\u00f6nnen diese Informationen zwar den einzelnen Empf\u00e4ngern des Newsletters zugeordnet werden. Weder wir noch der Versanddienstleister haben jedoch die Absicht, einzelne Nutzer zu beobachten. Vielmehr dienen uns die Bewertungen dazu, die Lesegewohnheiten unserer Nutzer zu erkennen und unsere Inhalte darauf abzustimmen oder unterschiedliche Inhalte entsprechend den Interessen unserer Nutzer zu versenden.<\/p><p>K\u00fcndigung\/Widerruf &#8211; Sie k\u00f6nnen den Erhalt unseres Newsletters jederzeit k\u00fcndigen, d. h. Ihre Einwilligungen widerrufen. Ihre Einwilligungen in den Versand des Newsletters durch den Versanddienstleister und in die statistische Auswertung enden dann. Ein separater Widerruf des Versands durch den Versanddienstleister oder der statistischen Auswertung ist leider nicht m\u00f6glich. Einen Link zum Abbestellen des Newsletters finden Sie am Ende jedes Newsletters.<\/p><h2 class=\"wp-block-heading\">Integration von Diensten und Inhalten Dritter<\/h2><p>Es kann vorkommen, dass Inhalte oder Dienste von Drittanbietern, wie z. B. Stadtpl\u00e4ne oder Schriftarten von anderen Webseiten, in unser Online-Angebot eingebunden werden. Die Einbindung von Inhalten von Drittanbietern setzt immer voraus, dass diese die IP-Adresse der Nutzer wahrnehmen, da sie ohne diese die Inhalte nicht an den Browser der Nutzer senden k\u00f6nnten. Die IP-Adresse ist daher f\u00fcr die Darstellung dieser Inhalte erforderlich. Dar\u00fcber hinaus k\u00f6nnen Drittanbieter von Inhalten ihre eigenen Cookies setzen und Nutzerdaten f\u00fcr ihre eigenen Zwecke verarbeiten. Aus den verarbeiteten Daten k\u00f6nnen dann Nutzungsprofile der Nutzer erstellt werden. Wir werden diese Inhalte so datensparsam und -vermeidend wie m\u00f6glich nutzen und Drittanbieter ausw\u00e4hlen, die in Bezug auf Datensicherheit vertrauensw\u00fcrdig sind.<\/p><h2 class=\"wp-block-heading\">L\u00f6schen von Daten<\/h2><p>Die von uns verarbeiteten Daten werden gel\u00f6scht oder ihre Verarbeitung wird gem\u00e4\u00df Artikel 17 und 18 DSGVO eingeschr\u00e4nkt. Sofern nicht ausdr\u00fccklich im Rahmen dieser Datenschutzerkl\u00e4rung angegeben, werden die von uns gespeicherten Daten gel\u00f6scht, sobald sie f\u00fcr ihren Zweck nicht mehr erforderlich sind und der L\u00f6schung keine gesetzlichen Aufbewahrungspflichten entgegenstehen. Wenn die Daten nicht gel\u00f6scht werden, weil sie f\u00fcr andere gesetzlich zul\u00e4ssige Zwecke erforderlich sind, wird ihre Verarbeitung eingeschr\u00e4nkt. Mit anderen Worten: Die Daten werden gesperrt und nicht f\u00fcr andere Zwecke verarbeitet. Dies gilt zum Beispiel f\u00fcr Daten, die aus gesch\u00e4ftlichen oder steuerlichen Gr\u00fcnden aufbewahrt werden m\u00fcssen.<\/p><p>Nach schweizerischem Recht erfolgt die Aufbewahrung u.a. gem\u00e4\u00df \u00a7 132 Abs. 1 BAO f\u00fcr 7 Jahre (Buchhaltungsunterlagen, Belege\/Rechnungen, Konten, Belege, Gesch\u00e4ftsunterlagen, Aufstellung der Einnahmen und Ausgaben, etc. ), f\u00fcr 22 Jahre in Bezug auf Immobilien und f\u00fcr 10 Jahre in Bezug auf Unterlagen \u00fcber elektronisch erbrachte Leistungen, Telekommunikationsleistungen, Rundfunk- und Fernsehleistungen, die an Nichtunternehmer in den EU-Mitgliedstaaten erbracht werden und f\u00fcr die der Mini-One-Stop-Shop (MOSS) in Anspruch genommen wird.<\/p><h2 class=\"wp-block-heading\">Hosting<\/h2><p>Die von uns in Anspruch genommenen Hosting-Leistungen dienen der Zurverf\u00fcgungstellung der folgenden Leistungen: Infrastruktur- und Plattformdienstleistungen, Rechenkapazit\u00e4t, Speicherplatz und Datenbankdienste, Sicherheitsleistungen sowie technische Wartungsleistungen, die wir zum Zwecke des Betriebs dieses Onlineangebotes einsetzen.<\/p><p>Hierbei verarbeiten wir bzw. unser Hostinganbieter Bestandsdaten, Kontaktdaten, Inhaltsdaten, Vertragsdaten, Nutzungsdaten, Meta- und Kommunikationsdaten von Kunden, Interessenten und Besuchern dieses Onlineangebotes auf Grundlage unserer berechtigten Interessen an einer effizienten und sicheren Zurverf\u00fcgungstellung dieses Onlineangebotes gem. Art. 6, al. 1, let. f der DSGVO in Verbindung mit Art. 6, al. 2 der DSGVO. Art. 28 DSGVO (Abschluss eines Vertrags zur Auftragsverarbeitung).<\/p><h2 class=\"wp-block-heading\">Sammeln von Zugriffsdaten und Protokolldateien<\/h2><p>Wir oder unser Hosting-Provider erheben auf der Grundlage unserer berechtigten Interessen im Sinne von Art. 6, al. 1, let. f. DSGVO Daten \u00fcber jeden Zugriff auf den Server, auf dem sich dieser Dienst befindet (sog. Server-Logfiles). Zu den Zugriffsdaten geh\u00f6ren der Name der aufgerufenen Website, die Datei, das Datum und die Uhrzeit des Abrufs, die \u00fcbertragene Datenmenge, die Meldung \u00fcber den erfolgreichen Abruf, der Browsertyp und die Browserversion, das Betriebssystem des Nutzers, die Referrer URL (die zuvor besuchte Seite), die IP-Adresse und der Provider.<\/p><p>Die Informationen in der Protokolldatei werden aus Sicherheitsgr\u00fcnden (z. B. zur Aufkl\u00e4rung von Missbrauchs- oder Betrugshandlungen) f\u00fcr maximal 7 Tage gespeichert und danach gel\u00f6scht. Daten, deren weitere Aufbewahrung zu Beweiszwecken erforderlich ist, sind bis zur endg\u00fcltigen Kl\u00e4rung des betreffenden Vorfalls von der L\u00f6schung ausgenommen.<\/p><h1 class=\"wp-block-heading\">Kontaktaufnahme<\/h1><p>Bei der Kontaktaufnahme mit uns (z. B. per Kontaktformular, E-Mail, Telefon oder \u00fcber soziale Medien) werden die Angaben des Nutzers zur Bearbeitung der Kontaktanfrage und deren Abwicklung gem. Art. 6, al. 1, let. b) der DSGVO. Die Nutzerdaten k\u00f6nnen in einem System zur Verwaltung der Kundenbeziehungen (&#8222;CRM-System&#8220;) oder in einer vergleichbaren Anfrageorganisation gespeichert werden.<\/p><p>Wir l\u00f6schen Anfragen, sobald sie nicht mehr notwendig sind. Wir \u00fcberpr\u00fcfen die Notwendigkeit alle zwei Jahre; dar\u00fcber hinaus gelten die gesetzlichen Archivierungspflichten.<\/p><h2 class=\"wp-block-heading\">\u00c4nderungen der Datenschutzerkl\u00e4rung<\/h2><p>Wir behalten uns das Recht vor, die Datenschutzerkl\u00e4rung zu \u00e4ndern, um sie an eine ge\u00e4nderte Rechtslage anzupassen oder wenn sich der Dienst und die Datenverarbeitung \u00e4ndern. Dies gilt jedoch nur f\u00fcr Erkl\u00e4rungen zur Datenverarbeitung. Sofern die Zustimmung der Nutzer erforderlich ist oder Teile der Datenschutzerkl\u00e4rung Bestimmungen enthalten, die sich auf das Vertragsverh\u00e4ltnis mit den Nutzern beziehen, werden \u00c4nderungen nur mit Zustimmung der Nutzer vorgenommen. Die Nutzer werden gebeten, sich regelm\u00e4\u00dfig \u00fcber den Inhalt der Datenschutzerkl\u00e4rung zu informieren.<\/p>\t\t\t\t\t\t\t\t<\/div>\n\t\t\t\t\t<\/div>\n\t\t<\/div>\n\t\t\t\t\t<\/div>\n\t\t<\/section>\n\t\t\t\t<\/div>\n\t\t","protected":false},"excerpt":{"rendered":"<p>Datenschutzrichtlinie Diese Datenschutzerkl\u00e4rung kl\u00e4rt Sie \u00fcber die Art, den Umfang und Zweck der Verarbeitung von personenbezogenen Daten (nachfolgend kurz &#8222;Daten&#8220;) innerhalb unseres Onlineangebotes und der mit ihm verbundenen Webseiten, Funktionen und Inhalte sowie externen Onlinepr\u00e4senzen, wie z.B. unsere Social Media Profile auf. (im Folgenden gemeinsam als &#8222;Online-Angebot&#8220; bezeichnet). Bez\u00fcglich der verwendeten Begriffe wie &#8222;Verarbeitung&#8220; oder [&hellip;]<\/p>\n","protected":false},"author":1,"featured_media":0,"parent":0,"menu_order":0,"comment_status":"closed","ping_status":"open","template":"elementor_header_footer","meta":{"iawp_total_views":110,"footnotes":""},"class_list":["post-8819","page","type-page","status-publish","hentry"],"_links":{"self":[{"href":"https:\/\/www.hannesjacob.ch\/de\/wp-json\/wp\/v2\/pages\/8819","targetHints":{"allow":["GET"]}}],"collection":[{"href":"https:\/\/www.hannesjacob.ch\/de\/wp-json\/wp\/v2\/pages"}],"about":[{"href":"https:\/\/www.hannesjacob.ch\/de\/wp-json\/wp\/v2\/types\/page"}],"author":[{"embeddable":true,"href":"https:\/\/www.hannesjacob.ch\/de\/wp-json\/wp\/v2\/users\/1"}],"replies":[{"embeddable":true,"href":"https:\/\/www.hannesjacob.ch\/de\/wp-json\/wp\/v2\/comments?post=8819"}],"version-history":[{"count":3,"href":"https:\/\/www.hannesjacob.ch\/de\/wp-json\/wp\/v2\/pages\/8819\/revisions"}],"predecessor-version":[{"id":9693,"href":"https:\/\/www.hannesjacob.ch\/de\/wp-json\/wp\/v2\/pages\/8819\/revisions\/9693"}],"wp:attachment":[{"href":"https:\/\/www.hannesjacob.ch\/de\/wp-json\/wp\/v2\/media?parent=8819"}],"curies":[{"name":"wp","href":"https:\/\/api.w.org\/{rel}","templated":true}]}}