{"id":4235,"date":"2020-09-10T10:05:09","date_gmt":"2020-09-10T08:05:09","guid":{"rendered":"https:\/\/www.hannesjacob.ch\/studien\/"},"modified":"2025-12-15T11:30:08","modified_gmt":"2025-12-15T10:30:08","slug":"studien","status":"publish","type":"page","link":"https:\/\/www.hannesjacob.ch\/de\/studien\/","title":{"rendered":"Studien"},"content":{"rendered":"\t\t<div data-elementor-type=\"wp-page\" data-elementor-id=\"4235\" class=\"elementor elementor-4235 elementor-836\" data-elementor-post-type=\"page\">\n\t\t\t\t\t\t<section class=\"elementor-section elementor-top-section elementor-element elementor-element-64a8c77 elementor-section-boxed elementor-section-height-default elementor-section-height-default\" data-id=\"64a8c77\" data-element_type=\"section\" data-e-type=\"section\">\n\t\t\t\t\t\t<div class=\"elementor-container elementor-column-gap-default\">\n\t\t\t\t\t<div class=\"elementor-column elementor-col-100 elementor-top-column elementor-element elementor-element-4381155\" data-id=\"4381155\" data-element_type=\"column\" data-e-type=\"column\">\n\t\t\t<div class=\"elementor-widget-wrap elementor-element-populated\">\n\t\t\t\t\t\t<div class=\"elementor-element elementor-element-88b6392 elementor-widget elementor-widget-heading\" data-id=\"88b6392\" data-element_type=\"widget\" data-e-type=\"widget\" data-widget_type=\"heading.default\">\n\t\t\t\t\t<h2 class=\"elementor-heading-title elementor-size-default\">Studien<\/h2>\t\t\t\t<\/div>\n\t\t\t\t<div class=\"elementor-element elementor-element-9a59c17 elementor-widget elementor-widget-text-editor\" data-id=\"9a59c17\" data-element_type=\"widget\" data-e-type=\"widget\" data-widget_type=\"text-editor.default\">\n\t\t\t\t\t\t\t\t\t<p>Seit vielen Jahren stellt sich Hannes Jacob der medizinischen Welt zur Verf\u00fcgung, um seine Gehirnfrequenzen beim energetischen Heilen zu analysieren und die Ergebnisse seiner verschiedenen Heiltechniken zu analysieren und zu erkl\u00e4ren.<\/p><p>Im Jahr 2018 f\u00fchrte er zusammen mit \u00c4rzten zwei Studien durch, um den Erfolg der Methode EPI &#8211; Extraction of Pathological Information\u2122 bei der Behandlung von Pollen- und Gr\u00e4serallergie (Heuschnupfen) und\/oder bei der Behandlung von Unvertr\u00e4glichkeit von Milchprodukten (Laktoseintoleranz oder Milchallergie) nachzuweisen, einerseits und eine weitere Studie, um die erreichbare Erfolgsquote von Therapeuten zu analysieren, die von Hannes Jacob in der Methode EPI &#8211; Extraction of Pathological Information\u2122 ausgebildet wurden.<\/p>\t\t\t\t\t\t\t\t<\/div>\n\t\t\t\t\t<\/div>\n\t\t<\/div>\n\t\t\t\t\t<\/div>\n\t\t<\/section>\n\t\t\t\t<section class=\"elementor-section elementor-top-section elementor-element elementor-element-8beeb74 elementor-section-boxed elementor-section-height-default elementor-section-height-default\" data-id=\"8beeb74\" data-element_type=\"section\" data-e-type=\"section\">\n\t\t\t\t\t\t<div class=\"elementor-container elementor-column-gap-default\">\n\t\t\t\t\t<div class=\"elementor-column elementor-col-100 elementor-top-column elementor-element elementor-element-313d91f\" data-id=\"313d91f\" data-element_type=\"column\" data-e-type=\"column\">\n\t\t\t<div class=\"elementor-widget-wrap elementor-element-populated\">\n\t\t\t\t\t\t\t<\/div>\n\t\t<\/div>\n\t\t\t\t\t<\/div>\n\t\t<\/section>\n\t\t\t\t<\/div>\n\t\t","protected":false},"excerpt":{"rendered":"<p>Studien Seit vielen Jahren stellt sich Hannes Jacob der medizinischen Welt zur Verf\u00fcgung, um seine Gehirnfrequenzen beim energetischen Heilen zu analysieren und die Ergebnisse seiner verschiedenen Heiltechniken zu analysieren und zu erkl\u00e4ren. Im Jahr 2018 f\u00fchrte er zusammen mit \u00c4rzten zwei Studien durch, um den Erfolg der Methode EPI &#8211; Extraction of Pathological Information\u2122 bei [&hellip;]<\/p>\n","protected":false},"author":1,"featured_media":0,"parent":0,"menu_order":0,"comment_status":"closed","ping_status":"closed","template":"","meta":{"iawp_total_views":2375,"footnotes":""},"class_list":["post-4235","page","type-page","status-publish","hentry"],"_links":{"self":[{"href":"https:\/\/www.hannesjacob.ch\/de\/wp-json\/wp\/v2\/pages\/4235","targetHints":{"allow":["GET"]}}],"collection":[{"href":"https:\/\/www.hannesjacob.ch\/de\/wp-json\/wp\/v2\/pages"}],"about":[{"href":"https:\/\/www.hannesjacob.ch\/de\/wp-json\/wp\/v2\/types\/page"}],"author":[{"embeddable":true,"href":"https:\/\/www.hannesjacob.ch\/de\/wp-json\/wp\/v2\/users\/1"}],"replies":[{"embeddable":true,"href":"https:\/\/www.hannesjacob.ch\/de\/wp-json\/wp\/v2\/comments?post=4235"}],"version-history":[{"count":4,"href":"https:\/\/www.hannesjacob.ch\/de\/wp-json\/wp\/v2\/pages\/4235\/revisions"}],"predecessor-version":[{"id":16519,"href":"https:\/\/www.hannesjacob.ch\/de\/wp-json\/wp\/v2\/pages\/4235\/revisions\/16519"}],"wp:attachment":[{"href":"https:\/\/www.hannesjacob.ch\/de\/wp-json\/wp\/v2\/media?parent=4235"}],"curies":[{"name":"wp","href":"https:\/\/api.w.org\/{rel}","templated":true}]}}