{"id":10235,"date":"2024-05-20T20:57:49","date_gmt":"2024-05-20T18:57:49","guid":{"rendered":"https:\/\/www.hannesjacob.ch\/?page_id=10235"},"modified":"2024-05-21T18:00:08","modified_gmt":"2024-05-21T16:00:08","slug":"newsletter","status":"publish","type":"page","link":"https:\/\/www.hannesjacob.ch\/de\/newsletter\/","title":{"rendered":"Newsletter"},"content":{"rendered":"\t\t<div data-elementor-type=\"wp-page\" data-elementor-id=\"10235\" class=\"elementor elementor-10235\" data-elementor-post-type=\"page\">\n\t\t\t\t\t\t<section class=\"elementor-section elementor-top-section elementor-element elementor-element-3319a47 elementor-section-boxed elementor-section-height-default elementor-section-height-default\" data-id=\"3319a47\" data-element_type=\"section\" data-e-type=\"section\">\n\t\t\t\t\t\t<div class=\"elementor-container elementor-column-gap-default\">\n\t\t\t\t\t<div class=\"elementor-column elementor-col-100 elementor-top-column elementor-element elementor-element-d1cc536\" data-id=\"d1cc536\" data-element_type=\"column\" data-e-type=\"column\">\n\t\t\t<div class=\"elementor-widget-wrap elementor-element-populated\">\n\t\t\t\t\t\t<div class=\"elementor-element elementor-element-5496c42 elementor-widget elementor-widget-heading\" data-id=\"5496c42\" data-element_type=\"widget\" data-e-type=\"widget\" data-widget_type=\"heading.default\">\n\t\t\t\t\t<h1 class=\"elementor-heading-title elementor-size-default\">Hannes Jacob EPI News<\/h1>\t\t\t\t<\/div>\n\t\t\t\t\t<\/div>\n\t\t<\/div>\n\t\t\t\t\t<\/div>\n\t\t<\/section>\n\t\t\t\t<section class=\"elementor-section elementor-top-section elementor-element elementor-element-389e835 elementor-section-boxed elementor-section-height-default elementor-section-height-default\" data-id=\"389e835\" data-element_type=\"section\" data-e-type=\"section\">\n\t\t\t\t\t\t<div class=\"elementor-container elementor-column-gap-wide\">\n\t\t\t\t\t<div class=\"elementor-column elementor-col-50 elementor-top-column elementor-element elementor-element-721c748\" data-id=\"721c748\" data-element_type=\"column\" data-e-type=\"column\">\n\t\t\t<div class=\"elementor-widget-wrap elementor-element-populated\">\n\t\t\t\t\t\t<div class=\"elementor-element elementor-element-07b342f elementor-widget elementor-widget-text-editor\" data-id=\"07b342f\" data-element_type=\"widget\" data-e-type=\"widget\" data-widget_type=\"text-editor.default\">\n\t\t\t\t\t\t\t\t\t<p>Bleiben Sei auf dem Laufenden und schreiben Sie sich f\u00fcr die EPI News ein. In regelm\u00e4ssigen Abst\u00e4nden informieren wir Sie \u00fcber Ausbildungen, Seminare und Veranstaltungen.<\/p>\t\t\t\t\t\t\t\t<\/div>\n\t\t\t\t<div class=\"elementor-element elementor-element-fe40f1c elementor-widget elementor-widget-shortcode\" data-id=\"fe40f1c\" data-element_type=\"widget\" data-e-type=\"widget\" data-widget_type=\"shortcode.default\">\n\t\t\t\t\t\t\t<div class=\"elementor-shortcode\">\n\t\t\t\t<script src=\"https:\/\/challenges.cloudflare.com\/turnstile\/v0\/api.js\"><\/script>\n\n\t\t\t\n\t\t\t<form id=\"sib_signup_form_1\" method=\"post\" class=\"sib_signup_form\">\n\t\t\t\t<div class=\"sib_loader\" style=\"display:none;\"><img\n\t\t\t\t\t\t\tsrc=\"https:\/\/www.hannesjacob.ch\/wp-includes\/images\/spinner.gif\" alt=\"loader\"><\/div>\n\t\t\t\t<input type=\"hidden\" name=\"sib_form_action\" value=\"subscribe_form_submit\">\n\t\t\t\t<input type=\"hidden\" name=\"sib_form_id\" value=\"1\">\n                <input type=\"hidden\" name=\"sib_form_alert_notice\" value=\"Bitte f\u00fcllen Sie dieses Feld\">\n                <input type=\"hidden\" name=\"sib_form_invalid_email_notice\" value=\"Ihre E-Mail Adresse ist ung\u00fcltig\">\n                <input type=\"hidden\" name=\"sib_security\" value=\"5528fc398c\">\n\t\t\t\t<div class=\"sib_signup_box_inside_1\">\n\t\t\t\t\t<div style=\"\/*display:none*\/\" class=\"sib_msg_disp\">\n\t\t\t\t\t<\/div>\n                                            <div id=\"sib_captcha_invisible\" class=\"invi-recaptcha\" data-sitekey=\"\"><\/div>\n                    \t\t\t\t\t<p class=\"sib-FIRSTNAME-area\"> \r\n    <label class=\"sib-FIRSTNAME-area\">Vorname*<\/label> \r\n    <input type=\"text\" class=\"sib-FIRSTNAME-area\" name=\"FIRSTNAME\" required=\"required\"> \r\n<\/p>\r\n<p class=\"sib-LASTNAME-area\"> \r\n    <label class=\"sib-LASTNAME-area\">Nachname*<\/label> \r\n    <input type=\"text\" class=\"sib-LASTNAME-area\" name=\"LASTNAME\" required=\"required\"> \r\n<\/p>\r\n<p class=\"sib-email-area\">\r\n    E-Mail Adresse*\r\n    <input type=\"email\" class=\"sib-email-area\" name=\"email\" required=\"required\">\r\n<\/p>\r\n<p>Ihre E-Mail-Adresse wird nur verwendet, um Ihnen unseren Newsletter und Informationen \u00fcber die Aktivit\u00e4ten von Hannes Jacob zuzusenden. Sie k\u00f6nnen sich jederzeit \u00fcber den im Newsletter enthaltenen Link wieder abmelden.<\/p>\r\n<div id=\"cf-turnstile-0x4AAAAAAAW1_cBAKmRG-PUg\" class=\"cf-turnstile\" data-error-callback=\"errorCallbackForTurnstileErrors\" data-sitekey=\"0x4AAAAAAAW1_cBAKmRG-PUg\"><\/div>\r\n<p>\r\n    <input type=\"submit\" class=\"sib-default-btn\" value=\"Anmelden\">\r\n<\/p>\r\n\t\t\t\t<\/div>\n\t\t\t<\/form>\n\t\t\t<style>\n\t\t\t\tform#sib_signup_form_1 p.sib-alert-message {\n    padding: 6px 12px;\n    margin-bottom: 20px;\n    border: 1px solid transparent;\n    border-radius: 4px;\n    -webkit-box-sizing: border-box;\n    -moz-box-sizing: border-box;\n    box-sizing: border-box;\n}\nform#sib_signup_form_1 p.sib-alert-message-error {\n    background-color: #f2dede;\n    border-color: #ebccd1;\n    color: #a94442;\n}\nform#sib_signup_form_1 p.sib-alert-message-success {\n    background-color: #dff0d8;\n    border-color: #d6e9c6;\n    color: #3c763d;\n}\nform#sib_signup_form_1 p.sib-alert-message-warning {\n    background-color: #fcf8e3;\n    border-color: #faebcc;\n    color: #8a6d3b;\n}\n\t\t\t<\/style>\n\t\t\t<\/div>\n\t\t\t\t\t\t<\/div>\n\t\t\t\t\t<\/div>\n\t\t<\/div>\n\t\t\t\t<div class=\"elementor-column elementor-col-50 elementor-top-column elementor-element elementor-element-66eeab1\" data-id=\"66eeab1\" data-element_type=\"column\" data-e-type=\"column\" data-settings=\"{&quot;background_background&quot;:&quot;classic&quot;}\">\n\t\t\t<div class=\"elementor-widget-wrap\">\n\t\t\t\t\t\t\t<\/div>\n\t\t<\/div>\n\t\t\t\t\t<\/div>\n\t\t<\/section>\n\t\t\t\t<\/div>\n\t\t","protected":false},"excerpt":{"rendered":"<p>Hannes Jacob EPI News Bleiben Sei auf dem Laufenden und schreiben Sie sich f\u00fcr die EPI News ein. In regelm\u00e4ssigen Abst\u00e4nden informieren wir Sie \u00fcber Ausbildungen, Seminare und Veranstaltungen.<\/p>\n","protected":false},"author":10,"featured_media":0,"parent":0,"menu_order":0,"comment_status":"closed","ping_status":"closed","template":"elementor_header_footer","meta":{"iawp_total_views":963,"footnotes":""},"class_list":["post-10235","page","type-page","status-publish","hentry"],"_links":{"self":[{"href":"https:\/\/www.hannesjacob.ch\/de\/wp-json\/wp\/v2\/pages\/10235","targetHints":{"allow":["GET"]}}],"collection":[{"href":"https:\/\/www.hannesjacob.ch\/de\/wp-json\/wp\/v2\/pages"}],"about":[{"href":"https:\/\/www.hannesjacob.ch\/de\/wp-json\/wp\/v2\/types\/page"}],"author":[{"embeddable":true,"href":"https:\/\/www.hannesjacob.ch\/de\/wp-json\/wp\/v2\/users\/10"}],"replies":[{"embeddable":true,"href":"https:\/\/www.hannesjacob.ch\/de\/wp-json\/wp\/v2\/comments?post=10235"}],"version-history":[{"count":13,"href":"https:\/\/www.hannesjacob.ch\/de\/wp-json\/wp\/v2\/pages\/10235\/revisions"}],"predecessor-version":[{"id":10516,"href":"https:\/\/www.hannesjacob.ch\/de\/wp-json\/wp\/v2\/pages\/10235\/revisions\/10516"}],"wp:attachment":[{"href":"https:\/\/www.hannesjacob.ch\/de\/wp-json\/wp\/v2\/media?parent=10235"}],"curies":[{"name":"wp","href":"https:\/\/api.w.org\/{rel}","templated":true}]}}